{"id":4782,"date":"2024-09-27T14:23:15","date_gmt":"2024-09-27T14:23:15","guid":{"rendered":"https:\/\/durafencewholesale.com\/?page_id=4782"},"modified":"2024-09-27T14:25:15","modified_gmt":"2024-09-27T14:25:15","slug":"blog","status":"publish","type":"page","link":"https:\/\/durafencewholesale.com\/es\/blog\/","title":{"rendered":"Blog"},"content":{"rendered":"<div data-elementor-type=\"wp-page\" data-elementor-id=\"4782\" class=\"elementor elementor-4782\" data-elementor-post-type=\"page\">\n\t\t\t\t\t\t<section class=\"elementor-section elementor-top-section elementor-element elementor-element-723313a elementor-section-boxed elementor-section-height-default elementor-section-height-default\" data-id=\"723313a\" data-element_type=\"section\">\n\t\t\t\t\t\t<div class=\"elementor-container elementor-column-gap-default\">\n\t\t\t\t\t<div class=\"elementor-column elementor-col-100 elementor-top-column elementor-element elementor-element-de07e5a\" data-id=\"de07e5a\" data-element_type=\"column\">\n\t\t\t<div class=\"elementor-widget-wrap elementor-element-populated\">\n\t\t\t\t\t\t<div class=\"elementor-element elementor-element-894e79e elementor-widget elementor-widget-heading\" data-id=\"894e79e\" data-element_type=\"widget\" data-widget_type=\"heading.default\">\n\t\t\t\t<div class=\"elementor-widget-container\">\n\t\t\t\t\t<h2 class=\"elementor-heading-title elementor-size-default\">Blog<\/h2>\t\t\t\t<\/div>\n\t\t\t\t<\/div>\n\t\t\t\t\t<\/div>\n\t\t<\/div>\n\t\t\t\t\t<\/div>\n\t\t<\/section>\n\t\t\t\t<section class=\"elementor-section elementor-top-section elementor-element elementor-element-ceb03fc elementor-section-boxed elementor-section-height-default elementor-section-height-default\" data-id=\"ceb03fc\" data-element_type=\"section\">\n\t\t\t\t\t\t<div class=\"elementor-container elementor-column-gap-default\">\n\t\t\t\t\t<div class=\"elementor-column elementor-col-100 elementor-top-column elementor-element elementor-element-120a68a\" data-id=\"120a68a\" data-element_type=\"column\">\n\t\t\t<div class=\"elementor-widget-wrap elementor-element-populated\">\n\t\t\t\t\t\t<div class=\"elementor-element elementor-element-cb69f1a elementor-grid-3 elementor-grid-tablet-2 elementor-grid-mobile-1 elementor-posts--thumbnail-top elementor-widget elementor-widget-posts\" data-id=\"cb69f1a\" data-element_type=\"widget\" data-settings=\"{&quot;pagination_type&quot;:&quot;numbers&quot;,&quot;classic_columns&quot;:&quot;3&quot;,&quot;classic_columns_tablet&quot;:&quot;2&quot;,&quot;classic_columns_mobile&quot;:&quot;1&quot;,&quot;classic_row_gap&quot;:{&quot;unit&quot;:&quot;px&quot;,&quot;size&quot;:35,&quot;sizes&quot;:[]},&quot;classic_row_gap_tablet&quot;:{&quot;unit&quot;:&quot;px&quot;,&quot;size&quot;:&quot;&quot;,&quot;sizes&quot;:[]},&quot;classic_row_gap_mobile&quot;:{&quot;unit&quot;:&quot;px&quot;,&quot;size&quot;:&quot;&quot;,&quot;sizes&quot;:[]}}\" data-widget_type=\"posts.classic\">\n\t\t\t\t<div class=\"elementor-widget-container\">\n\t\t\t\t\t\t\t<div class=\"elementor-posts-container elementor-posts elementor-posts--skin-classic elementor-grid\" role=\"list\">\n\t\t\t\t<article class=\"elementor-post elementor-grid-item post-4915 post type-post status-publish format-standard has-post-thumbnail hentry category-uncategorized\" role=\"listitem\">\n\t\t\t\t<a class=\"elementor-post__thumbnail__link\" href=\"https:\/\/durafencewholesale.com\/es\/galvanized-steel-fencing-contractors\/\" tabindex=\"-1\" >\n\t\t\t<div class=\"elementor-post__thumbnail\"><img fetchpriority=\"high\" decoding=\"async\" width=\"300\" height=\"188\" src=\"https:\/\/durafencewholesale.com\/wp-content\/uploads\/2024\/02\/durafence-05-300x188.jpg\" class=\"attachment-medium size-medium wp-image-4645\" alt=\"\" srcset=\"https:\/\/durafencewholesale.com\/wp-content\/uploads\/2024\/02\/durafence-05-300x188.jpg 300w, https:\/\/durafencewholesale.com\/wp-content\/uploads\/2024\/02\/durafence-05-768x480.jpg 768w, https:\/\/durafencewholesale.com\/wp-content\/uploads\/2024\/02\/durafence-05.jpg 1000w\" sizes=\"(max-width: 300px) 100vw, 300px\" \/><\/div>\n\t\t<\/a>\n\t\t\t\t<div class=\"elementor-post__text\">\n\t\t\t\t<h3 class=\"elementor-post__title\">\n\t\t\t<a href=\"https:\/\/durafencewholesale.com\/es\/galvanized-steel-fencing-contractors\/\" >\n\t\t\t\tPor qu\u00e9 la cerca de acero galvanizado destaca en las obras de hoy\t\t\t<\/a>\n\t\t<\/h3>\n\t\t\t\t<div class=\"elementor-post__meta-data\">\n\t\t\t\t\t<span class=\"elementor-post-date\">\n\t\t\t8 de abril de 2026\t\t<\/span>\n\t\t\t\t<span class=\"elementor-post-avatar\">\n\t\t\tNo hay comentarios\t\t<\/span>\n\t\t\t\t<\/div>\n\t\t\t\t<div class=\"elementor-post__excerpt\">\n\t\t\t<p>Por qu\u00e9 las cercas de acero galvanizado destacan en las obras actuales Los contratistas en toda Florida est\u00e1n colocando una mayor<\/p>\n\t\t<\/div>\n\t\t\n\t\t<a class=\"elementor-post__read-more\" href=\"https:\/\/durafencewholesale.com\/es\/galvanized-steel-fencing-contractors\/\" aria-label=\"Read more about Why Galvanized Steel Fencing Stands Out on Today\u2019s Jobsites\" tabindex=\"-1\" >\n\t\t\tLeer M\u00e1s \"\t\t<\/a>\n\n\t\t\t\t<\/div>\n\t\t\t\t<\/article>\n\t\t\t\t<article class=\"elementor-post elementor-grid-item post-4900 post type-post status-publish format-standard has-post-thumbnail hentry category-uncategorized\" role=\"listitem\">\n\t\t\t\t<a class=\"elementor-post__thumbnail__link\" href=\"https:\/\/durafencewholesale.com\/es\/steel-vs-vinyl-vs-aluminum-fencing-florida\/\" tabindex=\"-1\" >\n\t\t\t<div class=\"elementor-post__thumbnail\"><img decoding=\"async\" width=\"300\" height=\"179\" src=\"https:\/\/durafencewholesale.com\/wp-content\/uploads\/2024\/02\/dure-fence-product-page-300x179.jpg\" class=\"attachment-medium size-medium wp-image-4638\" alt=\"\" srcset=\"https:\/\/durafencewholesale.com\/wp-content\/uploads\/2024\/02\/dure-fence-product-page-300x179.jpg 300w, https:\/\/durafencewholesale.com\/wp-content\/uploads\/2024\/02\/dure-fence-product-page-1200x718.jpg 1200w, https:\/\/durafencewholesale.com\/wp-content\/uploads\/2024\/02\/dure-fence-product-page-768x459.jpg 768w, https:\/\/durafencewholesale.com\/wp-content\/uploads\/2024\/02\/dure-fence-product-page-1536x918.jpg 1536w, https:\/\/durafencewholesale.com\/wp-content\/uploads\/2024\/02\/dure-fence-product-page.jpg 1920w\" sizes=\"(max-width: 300px) 100vw, 300px\" \/><\/div>\n\t\t<\/a>\n\t\t\t\t<div class=\"elementor-post__text\">\n\t\t\t\t<h3 class=\"elementor-post__title\">\n\t\t\t<a href=\"https:\/\/durafencewholesale.com\/es\/steel-vs-vinyl-vs-aluminum-fencing-florida\/\" >\n\t\t\t\tC\u00f3mo elegir el material adecuado para la cerca de tu construcci\u00f3n en Florida: acero, vinilo o aluminio\t\t\t<\/a>\n\t\t<\/h3>\n\t\t\t\t<div class=\"elementor-post__meta-data\">\n\t\t\t\t\t<span class=\"elementor-post-date\">\n\t\t\t17 de marzo de 2026\t\t<\/span>\n\t\t\t\t<span class=\"elementor-post-avatar\">\n\t\t\tNo hay comentarios\t\t<\/span>\n\t\t\t\t<\/div>\n\t\t\t\t<div class=\"elementor-post__excerpt\">\n\t\t\t<p>C\u00f3mo Elegir el Material de Valla Adecuado para su Construcci\u00f3n en Florida: Acero vs. Vinilo vs. Aluminio<\/p>\n\t\t<\/div>\n\t\t\n\t\t<a class=\"elementor-post__read-more\" href=\"https:\/\/durafencewholesale.com\/es\/steel-vs-vinyl-vs-aluminum-fencing-florida\/\" aria-label=\"Read more about Choosing the Right Fence Material for Your Florida Build: Steel vs Vinyl vs Aluminum\" tabindex=\"-1\" >\n\t\t\tLeer M\u00e1s \"\t\t<\/a>\n\n\t\t\t\t<\/div>\n\t\t\t\t<\/article>\n\t\t\t\t<article class=\"elementor-post elementor-grid-item post-4869 post type-post status-publish format-standard has-post-thumbnail hentry category-uncategorized\" role=\"listitem\">\n\t\t\t\t<a class=\"elementor-post__thumbnail__link\" href=\"https:\/\/durafencewholesale.com\/es\/fence-contractors-2026-materials-pricing-trends\/\" tabindex=\"-1\" >\n\t\t\t<div class=\"elementor-post__thumbnail\"><img decoding=\"async\" width=\"300\" height=\"188\" src=\"https:\/\/durafencewholesale.com\/wp-content\/uploads\/2024\/08\/durafence-05-300x188.jpg\" class=\"attachment-medium size-medium wp-image-4769\" alt=\"\" srcset=\"https:\/\/durafencewholesale.com\/wp-content\/uploads\/2024\/08\/durafence-05-300x188.jpg 300w, https:\/\/durafencewholesale.com\/wp-content\/uploads\/2024\/08\/durafence-05-768x480.jpg 768w, https:\/\/durafencewholesale.com\/wp-content\/uploads\/2024\/08\/durafence-05-18x12.jpg 18w, https:\/\/durafencewholesale.com\/wp-content\/uploads\/2024\/08\/durafence-05.jpg 1000w\" sizes=\"(max-width: 300px) 100vw, 300px\" \/><\/div>\n\t\t<\/a>\n\t\t\t\t<div class=\"elementor-post__text\">\n\t\t\t\t<h3 class=\"elementor-post__title\">\n\t\t\t<a href=\"https:\/\/durafencewholesale.com\/es\/fence-contractors-2026-materials-pricing-trends\/\" >\n\t\t\t\tLo que pueden esperar los contratistas de cercas en 2026: materiales, tendencias de precios e instalaciones m\u00e1s inteligentes.\t\t\t<\/a>\n\t\t<\/h3>\n\t\t\t\t<div class=\"elementor-post__meta-data\">\n\t\t\t\t\t<span class=\"elementor-post-date\">\n\t\t\t14 de enero de 2026\t\t<\/span>\n\t\t\t\t<span class=\"elementor-post-avatar\">\n\t\t\tNo hay comentarios\t\t<\/span>\n\t\t\t\t<\/div>\n\t\t\t\t<div class=\"elementor-post__excerpt\">\n\t\t\t<p>Contratistas de cercas en 2026: qu\u00e9 esperar de los materiales para cercas Dura y las tendencias del mercado Materiales,<\/p>\n\t\t<\/div>\n\t\t\n\t\t<a class=\"elementor-post__read-more\" href=\"https:\/\/durafencewholesale.com\/es\/fence-contractors-2026-materials-pricing-trends\/\" aria-label=\"Read more about What Fence Contractors Can Expect in 2026: Materials, Pricing Trends, and Smarter Installations\" tabindex=\"-1\" >\n\t\t\tLeer M\u00e1s \"\t\t<\/a>\n\n\t\t\t\t<\/div>\n\t\t\t\t<\/article>\n\t\t\t\t<article class=\"elementor-post elementor-grid-item post-4866 post type-post status-publish format-standard has-post-thumbnail hentry category-uncategorized\" role=\"listitem\">\n\t\t\t\t<a class=\"elementor-post__thumbnail__link\" href=\"https:\/\/durafencewholesale.com\/es\/contractors-guide-to-fence-estimates-with-dura-fence\/\" tabindex=\"-1\" >\n\t\t\t<div class=\"elementor-post__thumbnail\"><img decoding=\"async\" width=\"300\" height=\"188\" src=\"https:\/\/durafencewholesale.com\/wp-content\/uploads\/2024\/08\/durafence-05-300x188.jpg\" class=\"attachment-medium size-medium wp-image-4769\" alt=\"\" srcset=\"https:\/\/durafencewholesale.com\/wp-content\/uploads\/2024\/08\/durafence-05-300x188.jpg 300w, https:\/\/durafencewholesale.com\/wp-content\/uploads\/2024\/08\/durafence-05-768x480.jpg 768w, https:\/\/durafencewholesale.com\/wp-content\/uploads\/2024\/08\/durafence-05-18x12.jpg 18w, https:\/\/durafencewholesale.com\/wp-content\/uploads\/2024\/08\/durafence-05.jpg 1000w\" sizes=\"(max-width: 300px) 100vw, 300px\" \/><\/div>\n\t\t<\/a>\n\t\t\t\t<div class=\"elementor-post__text\">\n\t\t\t\t<h3 class=\"elementor-post__title\">\n\t\t\t<a href=\"https:\/\/durafencewholesale.com\/es\/contractors-guide-to-fence-estimates-with-dura-fence\/\" >\n\t\t\t\tGu\u00eda para contratistas sobre presupuestos de cercas con Dura Fence\t\t\t<\/a>\n\t\t<\/h3>\n\t\t\t\t<div class=\"elementor-post__meta-data\">\n\t\t\t\t\t<span class=\"elementor-post-date\">\n\t\t\t15 de diciembre de 2025\t\t<\/span>\n\t\t\t\t<span class=\"elementor-post-avatar\">\n\t\t\tNo hay comentarios\t\t<\/span>\n\t\t\t\t<\/div>\n\t\t\t\t<div class=\"elementor-post__excerpt\">\n\t\t\t<p>Gu\u00eda para contratistas sobre presupuestos de cercas con Dura Fence Al preparar un presupuesto de cerca para<\/p>\n\t\t<\/div>\n\t\t\n\t\t<a class=\"elementor-post__read-more\" href=\"https:\/\/durafencewholesale.com\/es\/contractors-guide-to-fence-estimates-with-dura-fence\/\" aria-label=\"Read more about A Contractor\u2019s Guide to Fence Estimates with Dura Fence\" tabindex=\"-1\" >\n\t\t\tLeer M\u00e1s \"\t\t<\/a>\n\n\t\t\t\t<\/div>\n\t\t\t\t<\/article>\n\t\t\t\t<article class=\"elementor-post elementor-grid-item post-4843 post type-post status-publish format-standard has-post-thumbnail hentry category-uncategorized\" role=\"listitem\">\n\t\t\t\t<a class=\"elementor-post__thumbnail__link\" href=\"https:\/\/durafencewholesale.com\/es\/how-to-market-dura-fence-to-your-customers-a-dealers-guide\/\" tabindex=\"-1\" >\n\t\t\t<div class=\"elementor-post__thumbnail\"><img loading=\"lazy\" decoding=\"async\" width=\"300\" height=\"180\" src=\"https:\/\/durafencewholesale.com\/wp-content\/uploads\/2024\/02\/dura-fence-product-banner-300x180.jpg\" class=\"attachment-medium size-medium wp-image-4706\" alt=\"\" srcset=\"https:\/\/durafencewholesale.com\/wp-content\/uploads\/2024\/02\/dura-fence-product-banner-300x180.jpg 300w, https:\/\/durafencewholesale.com\/wp-content\/uploads\/2024\/02\/dura-fence-product-banner-1200x719.jpg 1200w, https:\/\/durafencewholesale.com\/wp-content\/uploads\/2024\/02\/dura-fence-product-banner-768x460.jpg 768w, https:\/\/durafencewholesale.com\/wp-content\/uploads\/2024\/02\/dura-fence-product-banner-1536x921.jpg 1536w, https:\/\/durafencewholesale.com\/wp-content\/uploads\/2024\/02\/dura-fence-product-banner.jpg 1920w\" sizes=\"(max-width: 300px) 100vw, 300px\" \/><\/div>\n\t\t<\/a>\n\t\t\t\t<div class=\"elementor-post__text\">\n\t\t\t\t<h3 class=\"elementor-post__title\">\n\t\t\t<a href=\"https:\/\/durafencewholesale.com\/es\/how-to-market-dura-fence-to-your-customers-a-dealers-guide\/\" >\n\t\t\t\tC\u00f3mo promocionar Dura Fence entre sus clientes: Gu\u00eda del distribuidor\t\t\t<\/a>\n\t\t<\/h3>\n\t\t\t\t<div class=\"elementor-post__meta-data\">\n\t\t\t\t\t<span class=\"elementor-post-date\">\n\t\t\t13 de noviembre de 2025\t\t<\/span>\n\t\t\t\t<span class=\"elementor-post-avatar\">\n\t\t\tNo hay comentarios\t\t<\/span>\n\t\t\t\t<\/div>\n\t\t\t\t<div class=\"elementor-post__excerpt\">\n\t\t\t<p>Tendencias en vallados 2025: Opciones duraderas, elegantes y sostenibles para cada espacio En el sector de las vallas,<\/p>\n\t\t<\/div>\n\t\t\n\t\t<a class=\"elementor-post__read-more\" href=\"https:\/\/durafencewholesale.com\/es\/how-to-market-dura-fence-to-your-customers-a-dealers-guide\/\" aria-label=\"Read more about How to Market Dura Fence to Your Customers: A Dealer\u2019s Guide\" tabindex=\"-1\" >\n\t\t\tLeer M\u00e1s \"\t\t<\/a>\n\n\t\t\t\t<\/div>\n\t\t\t\t<\/article>\n\t\t\t\t<article class=\"elementor-post elementor-grid-item post-4840 post type-post status-publish format-standard has-post-thumbnail hentry category-uncategorized\" role=\"listitem\">\n\t\t\t\t<a class=\"elementor-post__thumbnail__link\" href=\"https:\/\/durafencewholesale.com\/es\/why-metal-dura-fence-is-the-smart-choice-for-floridas-hurricane-season\/\" tabindex=\"-1\" >\n\t\t\t<div class=\"elementor-post__thumbnail\"><img loading=\"lazy\" decoding=\"async\" width=\"300\" height=\"188\" src=\"https:\/\/durafencewholesale.com\/wp-content\/uploads\/2024\/03\/durafence-gallery_0020_copy-of-img_0118-300x188.jpg\" class=\"attachment-medium size-medium wp-image-4730\" alt=\"\" srcset=\"https:\/\/durafencewholesale.com\/wp-content\/uploads\/2024\/03\/durafence-gallery_0020_copy-of-img_0118-300x188.jpg 300w, https:\/\/durafencewholesale.com\/wp-content\/uploads\/2024\/03\/durafence-gallery_0020_copy-of-img_0118-768x480.jpg 768w, https:\/\/durafencewholesale.com\/wp-content\/uploads\/2024\/03\/durafence-gallery_0020_copy-of-img_0118.jpg 1000w\" sizes=\"(max-width: 300px) 100vw, 300px\" \/><\/div>\n\t\t<\/a>\n\t\t\t\t<div class=\"elementor-post__text\">\n\t\t\t\t<h3 class=\"elementor-post__title\">\n\t\t\t<a href=\"https:\/\/durafencewholesale.com\/es\/why-metal-dura-fence-is-the-smart-choice-for-floridas-hurricane-season\/\" >\n\t\t\t\tPor qu\u00e9 Metal Dura Fence es la elecci\u00f3n inteligente para la temporada de huracanes en Florida\t\t\t<\/a>\n\t\t<\/h3>\n\t\t\t\t<div class=\"elementor-post__meta-data\">\n\t\t\t\t\t<span class=\"elementor-post-date\">\n\t\t\t15 de septiembre de 2025\t\t<\/span>\n\t\t\t\t<span class=\"elementor-post-avatar\">\n\t\t\tNo hay comentarios\t\t<\/span>\n\t\t\t\t<\/div>\n\t\t\t\t<div class=\"elementor-post__excerpt\">\n\t\t\t<p>Por qu\u00e9 Metal Dura Fence es la opci\u00f3n inteligente para la temporada de huracanes de Florida Cuando usted vive<\/p>\n\t\t<\/div>\n\t\t\n\t\t<a class=\"elementor-post__read-more\" href=\"https:\/\/durafencewholesale.com\/es\/why-metal-dura-fence-is-the-smart-choice-for-floridas-hurricane-season\/\" aria-label=\"Read more about Why Metal Dura Fence Is the Smart Choice for Florida&#8217;s Hurricane Season\" tabindex=\"-1\" >\n\t\t\tLeer M\u00e1s \"\t\t<\/a>\n\n\t\t\t\t<\/div>\n\t\t\t\t<\/article>\n\t\t\t\t<article class=\"elementor-post elementor-grid-item post-4837 post type-post status-publish format-standard has-post-thumbnail hentry category-uncategorized\" role=\"listitem\">\n\t\t\t\t<a class=\"elementor-post__thumbnail__link\" href=\"https:\/\/durafencewholesale.com\/es\/step%e2%80%91by%e2%80%91step-guide-ordering-dura-fence-materials-in-bulk\/\" tabindex=\"-1\" >\n\t\t\t<div class=\"elementor-post__thumbnail\"><img loading=\"lazy\" decoding=\"async\" width=\"300\" height=\"188\" src=\"https:\/\/durafencewholesale.com\/wp-content\/uploads\/2024\/02\/durafence-07-300x188.jpg\" class=\"attachment-medium size-medium wp-image-4647\" alt=\"\" srcset=\"https:\/\/durafencewholesale.com\/wp-content\/uploads\/2024\/02\/durafence-07-300x188.jpg 300w, https:\/\/durafencewholesale.com\/wp-content\/uploads\/2024\/02\/durafence-07-768x480.jpg 768w, https:\/\/durafencewholesale.com\/wp-content\/uploads\/2024\/02\/durafence-07.jpg 1000w\" sizes=\"(max-width: 300px) 100vw, 300px\" \/><\/div>\n\t\t<\/a>\n\t\t\t\t<div class=\"elementor-post__text\">\n\t\t\t\t<h3 class=\"elementor-post__title\">\n\t\t\t<a href=\"https:\/\/durafencewholesale.com\/es\/step%e2%80%91by%e2%80%91step-guide-ordering-dura-fence-materials-in-bulk\/\" >\n\t\t\t\tGu\u00eda paso a paso: Pedido de materiales de Dura Fence a granel\t\t\t<\/a>\n\t\t<\/h3>\n\t\t\t\t<div class=\"elementor-post__meta-data\">\n\t\t\t\t\t<span class=\"elementor-post-date\">\n\t\t\t11 de agosto de 2025\t\t<\/span>\n\t\t\t\t<span class=\"elementor-post-avatar\">\n\t\t\tNo hay comentarios\t\t<\/span>\n\t\t\t\t<\/div>\n\t\t\t\t<div class=\"elementor-post__excerpt\">\n\t\t\t<p>Pedir materiales Dura Fence al por mayor no tiene por qu\u00e9 ser complicado. Esta gu\u00eda gu\u00eda a los contratistas a trav\u00e9s de la selecci\u00f3n de productos, la comprensi\u00f3n de los precios, la realizaci\u00f3n de pedidos al por mayor y la garant\u00eda de entrega a tiempo, todo con Dura Fence Wholesale.<\/p>\n\t\t<\/div>\n\t\t\n\t\t<a class=\"elementor-post__read-more\" href=\"https:\/\/durafencewholesale.com\/es\/step%e2%80%91by%e2%80%91step-guide-ordering-dura-fence-materials-in-bulk\/\" aria-label=\"Leer m\u00e1s sobre Gu\u00eda paso a paso: Pedido de materiales Dura Fence a granel\" tabindex=\"-1\" >\n\t\t\tLeer M\u00e1s \"\t\t<\/a>\n\n\t\t\t\t<\/div>\n\t\t\t\t<\/article>\n\t\t\t\t<article class=\"elementor-post elementor-grid-item post-4824 post type-post status-publish format-standard has-post-thumbnail hentry category-uncategorized\" role=\"listitem\">\n\t\t\t\t<a class=\"elementor-post__thumbnail__link\" href=\"https:\/\/durafencewholesale.com\/es\/the-ultimate-contractors-guide-to-installing-durafence\/\" tabindex=\"-1\" >\n\t\t\t<div class=\"elementor-post__thumbnail\"><img loading=\"lazy\" decoding=\"async\" width=\"300\" height=\"225\" src=\"https:\/\/durafencewholesale.com\/wp-content\/uploads\/2025\/06\/5162347e1d884505b3c5014143da8c44-300x225.jpg\" class=\"attachment-medium size-medium wp-image-4826\" alt=\"\" srcset=\"https:\/\/durafencewholesale.com\/wp-content\/uploads\/2025\/06\/5162347e1d884505b3c5014143da8c44-300x225.jpg 300w, https:\/\/durafencewholesale.com\/wp-content\/uploads\/2025\/06\/5162347e1d884505b3c5014143da8c44-1200x900.jpg 1200w, https:\/\/durafencewholesale.com\/wp-content\/uploads\/2025\/06\/5162347e1d884505b3c5014143da8c44-768x576.jpg 768w, https:\/\/durafencewholesale.com\/wp-content\/uploads\/2025\/06\/5162347e1d884505b3c5014143da8c44-1536x1152.jpg 1536w, https:\/\/durafencewholesale.com\/wp-content\/uploads\/2025\/06\/5162347e1d884505b3c5014143da8c44-16x12.jpg 16w, https:\/\/durafencewholesale.com\/wp-content\/uploads\/2025\/06\/5162347e1d884505b3c5014143da8c44.jpg 1920w\" sizes=\"(max-width: 300px) 100vw, 300px\" \/><\/div>\n\t\t<\/a>\n\t\t\t\t<div class=\"elementor-post__text\">\n\t\t\t\t<h3 class=\"elementor-post__title\">\n\t\t\t<a href=\"https:\/\/durafencewholesale.com\/es\/the-ultimate-contractors-guide-to-installing-durafence\/\" >\n\t\t\t\tGu\u00eda definitiva del contratista para la instalaci\u00f3n de DuraFence\t\t\t<\/a>\n\t\t<\/h3>\n\t\t\t\t<div class=\"elementor-post__meta-data\">\n\t\t\t\t\t<span class=\"elementor-post-date\">\n\t\t\t6 de junio de 2025\t\t<\/span>\n\t\t\t\t<span class=\"elementor-post-avatar\">\n\t\t\tNo hay comentarios\t\t<\/span>\n\t\t\t\t<\/div>\n\t\t\t\t<div class=\"elementor-post__excerpt\">\n\t\t\t<p>Instalar Dura Fence de la forma correcta garantiza un rendimiento duradero, el atractivo de la acera y la satisfacci\u00f3n del cliente. Esta gu\u00eda gu\u00eda a los contratistas a trav\u00e9s de cada paso, desde la preparaci\u00f3n hasta el acabado.<\/p>\n\t\t<\/div>\n\t\t\n\t\t<a class=\"elementor-post__read-more\" href=\"https:\/\/durafencewholesale.com\/es\/the-ultimate-contractors-guide-to-installing-durafence\/\" aria-label=\"Leer m\u00e1s sobre La gu\u00eda definitiva del contratista para instalar DuraFence\" tabindex=\"-1\" >\n\t\t\tLeer M\u00e1s \"\t\t<\/a>\n\n\t\t\t\t<\/div>\n\t\t\t\t<\/article>\n\t\t\t\t<article class=\"elementor-post elementor-grid-item post-4819 post type-post status-publish format-standard has-post-thumbnail hentry category-uncategorized\" role=\"listitem\">\n\t\t\t\t<a class=\"elementor-post__thumbnail__link\" href=\"https:\/\/durafencewholesale.com\/es\/5-key-benefits-of-offering-dura-fence-to-your-clients\/\" tabindex=\"-1\" >\n\t\t\t<div class=\"elementor-post__thumbnail\"><img loading=\"lazy\" decoding=\"async\" width=\"300\" height=\"154\" src=\"https:\/\/durafencewholesale.com\/wp-content\/uploads\/2024\/02\/testimonials-bg-300x154.jpg\" class=\"attachment-medium size-medium wp-image-4700\" alt=\"\" srcset=\"https:\/\/durafencewholesale.com\/wp-content\/uploads\/2024\/02\/testimonials-bg-300x154.jpg 300w, https:\/\/durafencewholesale.com\/wp-content\/uploads\/2024\/02\/testimonials-bg-1200x615.jpg 1200w, https:\/\/durafencewholesale.com\/wp-content\/uploads\/2024\/02\/testimonials-bg-768x394.jpg 768w, https:\/\/durafencewholesale.com\/wp-content\/uploads\/2024\/02\/testimonials-bg-1536x787.jpg 1536w, https:\/\/durafencewholesale.com\/wp-content\/uploads\/2024\/02\/testimonials-bg.jpg 1920w\" sizes=\"(max-width: 300px) 100vw, 300px\" \/><\/div>\n\t\t<\/a>\n\t\t\t\t<div class=\"elementor-post__text\">\n\t\t\t\t<h3 class=\"elementor-post__title\">\n\t\t\t<a href=\"https:\/\/durafencewholesale.com\/es\/5-key-benefits-of-offering-dura-fence-to-your-clients\/\" >\n\t\t\t\t5 ventajas clave de ofrecer Dura Fence a sus clientes\t\t\t<\/a>\n\t\t<\/h3>\n\t\t\t\t<div class=\"elementor-post__meta-data\">\n\t\t\t\t\t<span class=\"elementor-post-date\">\n\t\t\t9 de mayo de 2025\t\t<\/span>\n\t\t\t\t<span class=\"elementor-post-avatar\">\n\t\t\tNo hay comentarios\t\t<\/span>\n\t\t\t\t<\/div>\n\t\t\t\t<div class=\"elementor-post__excerpt\">\n\t\t\t<p>5 ventajas clave de ofrecer Dura Fence a sus clientes Cuando se dedica a la esgrima<\/p>\n\t\t<\/div>\n\t\t\n\t\t<a class=\"elementor-post__read-more\" href=\"https:\/\/durafencewholesale.com\/es\/5-key-benefits-of-offering-dura-fence-to-your-clients\/\" aria-label=\"Leer m\u00e1s sobre 5 ventajas clave de ofrecer Dura Fence a sus clientes\" tabindex=\"-1\" >\n\t\t\tLeer M\u00e1s \"\t\t<\/a>\n\n\t\t\t\t<\/div>\n\t\t\t\t<\/article>\n\t\t\t\t<\/div>\n\t\t\n\t\t\t\t<div class=\"e-load-more-anchor\" data-page=\"1\" data-max-page=\"3\" data-next-page=\"https:\/\/durafencewholesale.com\/es\/wp-json\/wp\/v2\/pages\/4782\/page\/2\/\"><\/div>\n\t\t\t\t<nav class=\"elementor-pagination\" aria-label=\"Paginaci\u00f3n\">\n\t\t\t<span aria-current=\"page\" class=\"page-numbers current\"><span class=\"elementor-screen-only\">P\u00e1gina<\/span>1<\/span>\n<a class=\"page-numbers\" href=\"https:\/\/durafencewholesale.com\/es\/wp-json\/wp\/v2\/pages\/4782\/page\/2\/\"><span class=\"elementor-screen-only\">P\u00e1gina<\/span>2<\/a>\n<a class=\"page-numbers\" href=\"https:\/\/durafencewholesale.com\/es\/wp-json\/wp\/v2\/pages\/4782\/page\/3\/\"><span class=\"elementor-screen-only\">P\u00e1gina<\/span>3<\/a>\t\t<\/nav>\n\t\t\t\t\t\t<\/div>\n\t\t\t\t<\/div>\n\t\t\t\t\t<\/div>\n\t\t<\/div>\n\t\t\t\t\t<\/div>\n\t\t<\/section>\n\t\t\t\t<\/div>","protected":false},"excerpt":{"rendered":"<p>Blog<\/p>","protected":false},"author":41,"featured_media":0,"parent":0,"menu_order":0,"comment_status":"closed","ping_status":"closed","template":"","meta":{"footnotes":""},"class_list":["post-4782","page","type-page","status-publish","hentry"],"_links":{"self":[{"href":"https:\/\/durafencewholesale.com\/es\/wp-json\/wp\/v2\/pages\/4782","targetHints":{"allow":["GET"]}}],"collection":[{"href":"https:\/\/durafencewholesale.com\/es\/wp-json\/wp\/v2\/pages"}],"about":[{"href":"https:\/\/durafencewholesale.com\/es\/wp-json\/wp\/v2\/types\/page"}],"author":[{"embeddable":true,"href":"https:\/\/durafencewholesale.com\/es\/wp-json\/wp\/v2\/users\/41"}],"replies":[{"embeddable":true,"href":"https:\/\/durafencewholesale.com\/es\/wp-json\/wp\/v2\/comments?post=4782"}],"version-history":[{"count":0,"href":"https:\/\/durafencewholesale.com\/es\/wp-json\/wp\/v2\/pages\/4782\/revisions"}],"wp:attachment":[{"href":"https:\/\/durafencewholesale.com\/es\/wp-json\/wp\/v2\/media?parent=4782"}],"curies":[{"name":"wp","href":"https:\/\/api.w.org\/{rel}","templated":true}]}}