{"id":4757,"date":"2024-05-09T13:29:27","date_gmt":"2024-05-09T13:29:27","guid":{"rendered":"https:\/\/durafencewholesale.com\/?page_id=4757"},"modified":"2024-05-09T13:35:03","modified_gmt":"2024-05-09T13:35:03","slug":"condiciones-generales","status":"publish","type":"page","link":"https:\/\/durafencewholesale.com\/es\/terms-and-conditions\/","title":{"rendered":"T\u00e9rminos y Condiciones"},"content":{"rendered":"<div data-elementor-type=\"wp-page\" data-elementor-id=\"4757\" class=\"elementor elementor-4757\" data-elementor-post-type=\"page\">\n\t\t\t\t\t\t<section class=\"elementor-section elementor-top-section elementor-element elementor-element-2495468 elementor-section-height-min-height elementor-section-items-stretch elementor-section-content-middle elementor-section-boxed elementor-section-height-default\" data-id=\"2495468\" data-element_type=\"section\" data-settings=\"{&quot;background_background&quot;:&quot;classic&quot;}\">\n\t\t\t\t\t\t\t<div class=\"elementor-background-overlay\"><\/div>\n\t\t\t\t\t\t\t<div class=\"elementor-container elementor-column-gap-default\">\n\t\t\t\t\t<div class=\"elementor-column elementor-col-100 elementor-top-column elementor-element elementor-element-04112d9 animated-slow elementor-invisible\" data-id=\"04112d9\" data-element_type=\"column\" data-settings=\"{&quot;background_background&quot;:&quot;classic&quot;,&quot;animation&quot;:&quot;bounceInDown&quot;}\">\n\t\t\t<div class=\"elementor-widget-wrap elementor-element-populated\">\n\t\t\t\t\t\t<section class=\"elementor-section elementor-inner-section elementor-element elementor-element-506fe0e elementor-section-boxed elementor-section-height-default elementor-section-height-default\" data-id=\"506fe0e\" data-element_type=\"section\">\n\t\t\t\t\t\t<div class=\"elementor-container elementor-column-gap-default\">\n\t\t\t\t\t<div class=\"elementor-column elementor-col-100 elementor-inner-column elementor-element elementor-element-e94a397\" data-id=\"e94a397\" data-element_type=\"column\">\n\t\t\t<div class=\"elementor-widget-wrap elementor-element-populated\">\n\t\t\t\t\t\t<div class=\"elementor-element elementor-element-1b9f4b4 elementor-widget elementor-widget-heading\" data-id=\"1b9f4b4\" data-element_type=\"widget\" data-widget_type=\"heading.default\">\n\t\t\t\t<div class=\"elementor-widget-container\">\n\t\t\t\t\t<h1 class=\"elementor-heading-title elementor-size-default\">Dura Fence Wholesale<\/h1>\t\t\t\t<\/div>\n\t\t\t\t<\/div>\n\t\t\t\t<div class=\"elementor-element elementor-element-ab5c26b elementor-widget__width-initial elementor-widget-tablet__width-inherit elementor-widget elementor-widget-heading\" data-id=\"ab5c26b\" data-element_type=\"widget\" data-settings=\"{&quot;_animation&quot;:&quot;none&quot;}\" data-widget_type=\"heading.default\">\n\t\t\t\t<div class=\"elementor-widget-container\">\n\t\t\t\t\t<h3 class=\"elementor-heading-title elementor-size-default\">T\u00e9rminos y Condiciones<\/h3>\t\t\t\t<\/div>\n\t\t\t\t<\/div>\n\t\t\t\t\t<\/div>\n\t\t<\/div>\n\t\t\t\t\t<\/div>\n\t\t<\/section>\n\t\t\t\t\t<\/div>\n\t\t<\/div>\n\t\t\t\t\t<\/div>\n\t\t<\/section>\n\t\t\t\t<section class=\"elementor-section elementor-top-section elementor-element elementor-element-6b3ebdb elementor-section-boxed elementor-section-height-default elementor-section-height-default\" data-id=\"6b3ebdb\" data-element_type=\"section\">\n\t\t\t\t\t\t<div class=\"elementor-container elementor-column-gap-default\">\n\t\t\t\t\t<div class=\"elementor-column elementor-col-100 elementor-top-column elementor-element elementor-element-928002a\" data-id=\"928002a\" data-element_type=\"column\">\n\t\t\t<div class=\"elementor-widget-wrap elementor-element-populated\">\n\t\t\t\t\t\t<div class=\"elementor-element elementor-element-b5f2dc9 elementor-widget elementor-widget-text-editor\" data-id=\"b5f2dc9\" data-element_type=\"widget\" data-widget_type=\"text-editor.default\">\n\t\t\t\t<div class=\"elementor-widget-container\">\n\t\t\t\t\t\t\t\t\t<p>\u00daltima actualizaci\u00f3n: 9 de mayo de 2024<\/p><p>Lea atentamente estos T\u00e9rminos de uso (\u201cT\u00e9rminos\u201d, \u201cT\u00e9rminos de uso\u201d) antes de utilizar el sitio web durafencewholesale.com (el \u201cServicio\u201d) operado por Dura Fence Wholesale (\u201cnosotros\u201d, \u201cnos\u201d o \u201cnuestro\u201d).<\/p><p>Su acceso y uso del Servicio est\u00e1 sujeto a la aceptaci\u00f3n y cumplimiento de estos T\u00e9rminos. Estos T\u00e9rminos se aplican a todos los visitantes, usuarios y otras personas que accedan o utilicen el Servicio.<\/p><p>Al acceder o utilizar el Servicio, usted acepta estar sujeto a estos T\u00e9rminos. Si no est\u00e1 de acuerdo con alguna parte de los t\u00e9rminos, no podr\u00e1 acceder al Servicio.<\/p>\t\t\t\t\t\t\t\t<\/div>\n\t\t\t\t<\/div>\n\t\t\t\t\t<\/div>\n\t\t<\/div>\n\t\t\t\t\t<\/div>\n\t\t<\/section>\n\t\t\t\t<section class=\"elementor-section elementor-top-section elementor-element elementor-element-d37fa23 elementor-section-boxed elementor-section-height-default elementor-section-height-default\" data-id=\"d37fa23\" data-element_type=\"section\">\n\t\t\t\t\t\t<div class=\"elementor-container elementor-column-gap-default\">\n\t\t\t\t\t<div class=\"elementor-column elementor-col-100 elementor-top-column elementor-element elementor-element-893e17d\" data-id=\"893e17d\" data-element_type=\"column\">\n\t\t\t<div class=\"elementor-widget-wrap elementor-element-populated\">\n\t\t\t\t\t\t<div class=\"elementor-element elementor-element-b28eaf4 elementor-widget elementor-widget-heading\" data-id=\"b28eaf4\" data-element_type=\"widget\" data-widget_type=\"heading.default\">\n\t\t\t\t<div class=\"elementor-widget-container\">\n\t\t\t\t\t<h2 class=\"elementor-heading-title elementor-size-default\">Propiedad Intelectual<\/h2>\t\t\t\t<\/div>\n\t\t\t\t<\/div>\n\t\t\t\t<div class=\"elementor-element elementor-element-2a55242 elementor-widget elementor-widget-text-editor\" data-id=\"2a55242\" data-element_type=\"widget\" data-widget_type=\"text-editor.default\">\n\t\t\t\t<div class=\"elementor-widget-container\">\n\t\t\t\t\t\t\t\t\t<p>El Servicio y su contenido, caracter\u00edsticas y funcionalidades originales son y seguir\u00e1n siendo propiedad exclusiva de Dura Fence Wholesale y sus licenciantes.<\/p>\t\t\t\t\t\t\t\t<\/div>\n\t\t\t\t<\/div>\n\t\t\t\t\t<\/div>\n\t\t<\/div>\n\t\t\t\t\t<\/div>\n\t\t<\/section>\n\t\t\t\t<section class=\"elementor-section elementor-top-section elementor-element elementor-element-e648d79 elementor-section-boxed elementor-section-height-default elementor-section-height-default\" data-id=\"e648d79\" data-element_type=\"section\">\n\t\t\t\t\t\t<div class=\"elementor-container elementor-column-gap-default\">\n\t\t\t\t\t<div class=\"elementor-column elementor-col-100 elementor-top-column elementor-element elementor-element-1651abb\" data-id=\"1651abb\" data-element_type=\"column\">\n\t\t\t<div class=\"elementor-widget-wrap elementor-element-populated\">\n\t\t\t\t\t\t<div class=\"elementor-element elementor-element-5992623 elementor-widget elementor-widget-heading\" data-id=\"5992623\" data-element_type=\"widget\" data-widget_type=\"heading.default\">\n\t\t\t\t<div class=\"elementor-widget-container\">\n\t\t\t\t\t<h2 class=\"elementor-heading-title elementor-size-default\">Enlaces a otros sitios web<\/h2>\t\t\t\t<\/div>\n\t\t\t\t<\/div>\n\t\t\t\t<div class=\"elementor-element elementor-element-38fec5f elementor-widget elementor-widget-text-editor\" data-id=\"38fec5f\" data-element_type=\"widget\" data-widget_type=\"text-editor.default\">\n\t\t\t\t<div class=\"elementor-widget-container\">\n\t\t\t\t\t\t\t\t\t<p>Nuestro Servicio puede contener enlaces a sitios web o servicios de terceros que no son propiedad ni est\u00e1n controlados por Dura Fence Wholesale.<\/p><p>Dura Fence Wholesale no tiene control ni asume ninguna responsabilidad por el contenido, las pol\u00edticas de privacidad o las pr\u00e1cticas de los sitios web o servicios de terceros. Adem\u00e1s, usted reconoce y acepta que Dura Fence Wholesale no ser\u00e1 responsable, directa o indirectamente, de ning\u00fan da\u00f1o o p\u00e9rdida causados \u200b\u200bo supuestamente causados \u200b\u200bpor o en relaci\u00f3n con el uso o la confianza en dichos contenidos, bienes o servicios disponibles en o a trav\u00e9s de dichos sitios web o servicios.<\/p><p>Le recomendamos encarecidamente que lea los t\u00e9rminos y condiciones y las pol\u00edticas de privacidad de cualquier sitio web o servicio de terceros que visite.<\/p>\t\t\t\t\t\t\t\t<\/div>\n\t\t\t\t<\/div>\n\t\t\t\t\t<\/div>\n\t\t<\/div>\n\t\t\t\t\t<\/div>\n\t\t<\/section>\n\t\t\t\t<section class=\"elementor-section elementor-top-section elementor-element elementor-element-b9738fd elementor-section-boxed elementor-section-height-default elementor-section-height-default\" data-id=\"b9738fd\" data-element_type=\"section\">\n\t\t\t\t\t\t<div class=\"elementor-container elementor-column-gap-default\">\n\t\t\t\t\t<div class=\"elementor-column elementor-col-100 elementor-top-column elementor-element elementor-element-5cbbffb\" data-id=\"5cbbffb\" data-element_type=\"column\">\n\t\t\t<div class=\"elementor-widget-wrap elementor-element-populated\">\n\t\t\t\t\t\t<div class=\"elementor-element elementor-element-4392f10 elementor-widget elementor-widget-heading\" data-id=\"4392f10\" data-element_type=\"widget\" data-widget_type=\"heading.default\">\n\t\t\t\t<div class=\"elementor-widget-container\">\n\t\t\t\t\t<h2 class=\"elementor-heading-title elementor-size-default\">Terminaci\u00f3n<\/h2>\t\t\t\t<\/div>\n\t\t\t\t<\/div>\n\t\t\t\t<div class=\"elementor-element elementor-element-ca7026e elementor-widget elementor-widget-text-editor\" data-id=\"ca7026e\" data-element_type=\"widget\" data-widget_type=\"text-editor.default\">\n\t\t\t\t<div class=\"elementor-widget-container\">\n\t\t\t\t\t\t\t\t\t<p>Podemos terminar o suspender el acceso a nuestro Servicio inmediatamente, sin previo aviso ni responsabilidad, por cualquier motivo, incluido, entre otros, si usted incumple los T\u00e9rminos.<\/p><p>Todas las disposiciones de los T\u00e9rminos que por su naturaleza deban sobrevivir a la terminaci\u00f3n sobrevivir\u00e1n a la terminaci\u00f3n, incluidas, entre otras, las disposiciones de propiedad, exenciones de garant\u00eda, indemnizaci\u00f3n y limitaciones de responsabilidad.<\/p>\t\t\t\t\t\t\t\t<\/div>\n\t\t\t\t<\/div>\n\t\t\t\t\t<\/div>\n\t\t<\/div>\n\t\t\t\t\t<\/div>\n\t\t<\/section>\n\t\t\t\t<section class=\"elementor-section elementor-top-section elementor-element elementor-element-dfb8103 elementor-section-boxed elementor-section-height-default elementor-section-height-default\" data-id=\"dfb8103\" data-element_type=\"section\">\n\t\t\t\t\t\t<div class=\"elementor-container elementor-column-gap-default\">\n\t\t\t\t\t<div class=\"elementor-column elementor-col-100 elementor-top-column elementor-element elementor-element-b213034\" data-id=\"b213034\" data-element_type=\"column\">\n\t\t\t<div class=\"elementor-widget-wrap elementor-element-populated\">\n\t\t\t\t\t\t<div class=\"elementor-element elementor-element-cdbe434 elementor-widget elementor-widget-heading\" data-id=\"cdbe434\" data-element_type=\"widget\" data-widget_type=\"heading.default\">\n\t\t\t\t<div class=\"elementor-widget-container\">\n\t\t\t\t\t<h2 class=\"elementor-heading-title elementor-size-default\">Descargo de responsabilidad<\/h2>\t\t\t\t<\/div>\n\t\t\t\t<\/div>\n\t\t\t\t<div class=\"elementor-element elementor-element-9dbbb93 elementor-widget elementor-widget-text-editor\" data-id=\"9dbbb93\" data-element_type=\"widget\" data-widget_type=\"text-editor.default\">\n\t\t\t\t<div class=\"elementor-widget-container\">\n\t\t\t\t\t\t\t\t\t<p>El uso que usted haga del Servicio se realiza bajo su propio riesgo. El Servicio se proporciona \u201cTAL CUAL\u201d y \u201cSEG\u00daN DISPONIBILIDAD\u201d. El Servicio se proporciona sin garant\u00edas de ning\u00fan tipo, ya sean expresas o impl\u00edcitas, incluidas, entre otras, las garant\u00edas impl\u00edcitas de comerciabilidad, idoneidad para un fin determinado, no infracci\u00f3n o curso de ejecuci\u00f3n.<\/p>\t\t\t\t\t\t\t\t<\/div>\n\t\t\t\t<\/div>\n\t\t\t\t\t<\/div>\n\t\t<\/div>\n\t\t\t\t\t<\/div>\n\t\t<\/section>\n\t\t\t\t<section class=\"elementor-section elementor-top-section elementor-element elementor-element-02a9cc4 elementor-section-boxed elementor-section-height-default elementor-section-height-default\" data-id=\"02a9cc4\" data-element_type=\"section\">\n\t\t\t\t\t\t<div class=\"elementor-container elementor-column-gap-default\">\n\t\t\t\t\t<div class=\"elementor-column elementor-col-100 elementor-top-column elementor-element elementor-element-c84964a\" data-id=\"c84964a\" data-element_type=\"column\">\n\t\t\t<div class=\"elementor-widget-wrap elementor-element-populated\">\n\t\t\t\t\t\t<div class=\"elementor-element elementor-element-401fb3a elementor-widget elementor-widget-heading\" data-id=\"401fb3a\" data-element_type=\"widget\" data-widget_type=\"heading.default\">\n\t\t\t\t<div class=\"elementor-widget-container\">\n\t\t\t\t\t<h2 class=\"elementor-heading-title elementor-size-default\">Ley que rige<\/h2>\t\t\t\t<\/div>\n\t\t\t\t<\/div>\n\t\t\t\t<div class=\"elementor-element elementor-element-b3e7c58 elementor-widget elementor-widget-text-editor\" data-id=\"b3e7c58\" data-element_type=\"widget\" data-widget_type=\"text-editor.default\">\n\t\t\t\t<div class=\"elementor-widget-container\">\n\t\t\t\t\t\t\t\t\t<p>Estos T\u00e9rminos se regir\u00e1n e interpretar\u00e1n de conformidad con las leyes de los Estados Unidos sin tener en cuenta sus disposiciones sobre conflicto de leyes.<\/p><p>El hecho de que no hagamos valer alg\u00fan derecho o disposici\u00f3n de estos T\u00e9rminos no se considerar\u00e1 una renuncia a esos derechos. Si un tribunal determina que alguna disposici\u00f3n de estos T\u00e9rminos no es v\u00e1lida o no se puede hacer cumplir, las disposiciones restantes de estos T\u00e9rminos seguir\u00e1n vigentes. Estos T\u00e9rminos constituyen el acuerdo completo entre nosotros en relaci\u00f3n con nuestro Servicio y reemplazan cualquier acuerdo previo que pudi\u00e9ramos tener entre nosotros en relaci\u00f3n con el Servicio.<\/p>\t\t\t\t\t\t\t\t<\/div>\n\t\t\t\t<\/div>\n\t\t\t\t\t<\/div>\n\t\t<\/div>\n\t\t\t\t\t<\/div>\n\t\t<\/section>\n\t\t\t\t<section class=\"elementor-section elementor-top-section elementor-element elementor-element-118d7e4 elementor-section-boxed elementor-section-height-default elementor-section-height-default\" data-id=\"118d7e4\" data-element_type=\"section\">\n\t\t\t\t\t\t<div class=\"elementor-container elementor-column-gap-default\">\n\t\t\t\t\t<div class=\"elementor-column elementor-col-100 elementor-top-column elementor-element elementor-element-9fffe27\" data-id=\"9fffe27\" data-element_type=\"column\">\n\t\t\t<div class=\"elementor-widget-wrap elementor-element-populated\">\n\t\t\t\t\t\t<div class=\"elementor-element elementor-element-3daa252 elementor-widget elementor-widget-heading\" data-id=\"3daa252\" data-element_type=\"widget\" data-widget_type=\"heading.default\">\n\t\t\t\t<div class=\"elementor-widget-container\">\n\t\t\t\t\t<h2 class=\"elementor-heading-title elementor-size-default\">Cambios<\/h2>\t\t\t\t<\/div>\n\t\t\t\t<\/div>\n\t\t\t\t<div class=\"elementor-element elementor-element-32c7bc6 elementor-widget elementor-widget-text-editor\" data-id=\"32c7bc6\" data-element_type=\"widget\" data-widget_type=\"text-editor.default\">\n\t\t\t\t<div class=\"elementor-widget-container\">\n\t\t\t\t\t\t\t\t\t<p>Nos reservamos el derecho, a nuestra entera discreci\u00f3n, de modificar o reemplazar estos T\u00e9rminos en cualquier momento. Si una revisi\u00f3n es sustancial, intentaremos proporcionar un aviso con al menos 30 d\u00edas de anticipaci\u00f3n antes de que entren en vigencia los nuevos t\u00e9rminos. Lo que constituye un cambio sustancial se determinar\u00e1 a nuestra entera discreci\u00f3n.<\/p><p>Si contin\u00faa accediendo o utilizando nuestro Servicio despu\u00e9s de que dichas revisiones entren en vigor, usted acepta estar sujeto a los t\u00e9rminos revisados. Si no acepta los nuevos t\u00e9rminos, deje de utilizar el Servicio.<\/p>\t\t\t\t\t\t\t\t<\/div>\n\t\t\t\t<\/div>\n\t\t\t\t\t<\/div>\n\t\t<\/div>\n\t\t\t\t\t<\/div>\n\t\t<\/section>\n\t\t\t\t<section class=\"elementor-section elementor-top-section elementor-element elementor-element-3b9fa46 elementor-section-boxed elementor-section-height-default elementor-section-height-default\" data-id=\"3b9fa46\" data-element_type=\"section\">\n\t\t\t\t\t\t<div class=\"elementor-container elementor-column-gap-default\">\n\t\t\t\t\t<div class=\"elementor-column elementor-col-100 elementor-top-column elementor-element elementor-element-b215c57\" data-id=\"b215c57\" data-element_type=\"column\">\n\t\t\t<div class=\"elementor-widget-wrap elementor-element-populated\">\n\t\t\t\t\t\t<div class=\"elementor-element elementor-element-8db879d elementor-widget elementor-widget-heading\" data-id=\"8db879d\" data-element_type=\"widget\" data-widget_type=\"heading.default\">\n\t\t\t\t<div class=\"elementor-widget-container\">\n\t\t\t\t\t<h2 class=\"elementor-heading-title elementor-size-default\">Contacta con nosotros<\/h2>\t\t\t\t<\/div>\n\t\t\t\t<\/div>\n\t\t\t\t<div class=\"elementor-element elementor-element-0e35642 elementor-widget elementor-widget-text-editor\" data-id=\"0e35642\" data-element_type=\"widget\" data-widget_type=\"text-editor.default\">\n\t\t\t\t<div class=\"elementor-widget-container\">\n\t\t\t\t\t\t\t\t\t<p>Si tiene alguna pregunta sobre estos T\u00e9rminos, comun\u00edquese con nosotros.<\/p>\t\t\t\t\t\t\t\t<\/div>\n\t\t\t\t<\/div>\n\t\t\t\t\t<\/div>\n\t\t<\/div>\n\t\t\t\t\t<\/div>\n\t\t<\/section>\n\t\t\t\t<\/div>","protected":false},"excerpt":{"rendered":"<p>Dura Fence Wholesale Terms and Conditions Last updated: Please read these Terms of Use (&#8220;Terms&#8221;, &#8220;Terms of Use&#8221;) carefully before using the website (the &#8220;Service&#8221;) operated by (&#8220;us&#8221;, &#8220;we&#8221;, or &#8220;our&#8221;). Your access to and use of the Service is conditioned on your acceptance of and compliance with these Terms. These Terms apply to all [&hellip;]<\/p>\n","protected":false},"author":40,"featured_media":0,"parent":0,"menu_order":0,"comment_status":"closed","ping_status":"closed","template":"","meta":{"footnotes":""},"class_list":["post-4757","page","type-page","status-publish","hentry"],"_links":{"self":[{"href":"https:\/\/durafencewholesale.com\/es\/wp-json\/wp\/v2\/pages\/4757","targetHints":{"allow":["GET"]}}],"collection":[{"href":"https:\/\/durafencewholesale.com\/es\/wp-json\/wp\/v2\/pages"}],"about":[{"href":"https:\/\/durafencewholesale.com\/es\/wp-json\/wp\/v2\/types\/page"}],"author":[{"embeddable":true,"href":"https:\/\/durafencewholesale.com\/es\/wp-json\/wp\/v2\/users\/40"}],"replies":[{"embeddable":true,"href":"https:\/\/durafencewholesale.com\/es\/wp-json\/wp\/v2\/comments?post=4757"}],"version-history":[{"count":0,"href":"https:\/\/durafencewholesale.com\/es\/wp-json\/wp\/v2\/pages\/4757\/revisions"}],"wp:attachment":[{"href":"https:\/\/durafencewholesale.com\/es\/wp-json\/wp\/v2\/media?parent=4757"}],"curies":[{"name":"wp","href":"https:\/\/api.w.org\/{rel}","templated":true}]}}